{"id":565,"date":"2015-06-02T18:05:10","date_gmt":"2015-06-02T16:05:10","guid":{"rendered":"http:\/\/fragomme.it\/?page_id=565"},"modified":"2019-04-08T17:04:54","modified_gmt":"2019-04-08T15:04:54","slug":"informativa-privacy","status":"publish","type":"page","link":"https:\/\/www.fragomme.it\/index.php\/informativa-privacy\/","title":{"rendered":"Informativa sulla Privacy"},"content":{"rendered":"<p>PREMESSO CHE:<\/p>\n<p>\u201cwww.fragomme.it \u201d di seguito sar\u00e0 denominato: \u201cPRESENTE SITO\u201d<br \/>\n\u201cRegolamento EU 2016\/679\u201d di seguito sar\u00e0 denominato: \u201cGDPR\u201d<br \/>\n\u201cFraGomme &amp; Autoriparazioni di Francesco Panzitta \u201d di seguito sar\u00e0 denominato: \u201cTITOLARE\u201d<\/p>\n<h2>INFORMATIVA TRATTAMENTO DATI PERSONALI<\/h2>\n<p>Gentile utente, la ringraziamo per aver visitato il nostro sito e le confermiamo che la tutela della Privacy \u00e8 uno dei nostri principali obiettivi: per questo, in questa pagina le descriviamo le modalit\u00e0 con cui andremo a trattare i DATI PERSONALI che ci fornir\u00e0 compilano il form di contatto del PRESENTE SITO per inviarci richieste d\u2019informazione.<\/p>\n<p>La informiamo prima di tutto che il TITOLARE DEL TRATTAMENTO \u00e8:<\/p>\n<p>FraGomme &amp; Autoriparazioni di Francesco Panzitta<br \/>\nSede: Via della Valle,39 &#8211; 20841 Carate Brianza (MB)<\/p>\n<p>Email: <a href=\"\u201cmailto:info@fragomme.it\u201d\">info@fragomme.it<\/a><\/p>\n<h2>FINALITA\u2019 DEL TRATTAMENTO<\/h2>\n<p>Il trattamento che intendiamo effettuare, dietro suo specifico consenso, ha come finalit\u00e0 quella di rispondere a richieste d\u2019informazione che ci invier\u00e0 via e-mail, telefono o chat oppure tramite apposito form, relative ai servizi e alle soluzioni proposte sul PRESENTE SITO. I DATI PERSONALI identificativi che ci fornir\u00e0 volontariamente costituiscono oggetto del trattamento, e saranno trattati ed utilizzati direttamente per dar seguito alla sua richiesta d\u2019informazioni e a finalit\u00e0 strumentali ad essa connesse.<\/p>\n<h2>CATEGORIE DI DATI PERSONALI<\/h2>\n<p>I DATI PERSONALI oggetto della presente informativa sono dati forniti volontariamente dall\u2019interessato. I DATI PERSONALI oggetto del trattamento sono infatti i dati che lei ci invia volontariamente, compilando il form di contatto, tra cui il nome, l\u2019indirizzo email, il numero di telefono o altro numero di identificazione, dati relativi all\u2019ubicazione etc\u2026 Il conferimento di tali dati personali \u00e8 del tutto facoltativo, tuttavia, in mancanza di completamento dei campi contrassegnati come (*) \u201cobbligatori\u201d, le informazioni che ci chiede non Le potranno essere fornite.<br \/>\nDESTINATARI DEI DATI PERSONALI<\/p>\n<p>Il trattamento dei suoi DATI PERSONALI viene effettuato manualmente e con strumenti elettronici, con logiche strettamente correlate alle finalit\u00e0 sopra indicate e, comunque, in modo da garantire la sicurezza e la riservatezza dei dati stessi. I suoi DATI PERSONALI potranno essere condivisi, per le \u201cFinalit\u00e0 di trattamento\u201d elencate, con Responsabili del trattamento (societ\u00e0 del gruppo o terze parti), Destinatari, Persone autorizzate, Partner commerciali oppure Enti e autorit\u00e0 a cui sia obbligatorio comunicare i suoi DATI PERSONALI. L\u2019elenco completo dei responsabili del trattamento \u00e8 custodito presso la sede del TITOLARE e lei pu\u00f2 richiederne in qualsiasi momento una copia aggiornata inviando una richiesta all\u2019indirizzo e-mail <a href=\"\u201cmailto:info@fragomme.it\u201d\">info@fragomme.it<\/a><\/p>\n<h2>PERIODO DI CONSERVAZIONE<\/h2>\n<p>I DATI PERSONALI trattati per le finalit\u00e0 sopra descritte saranno conservati per il tempo strettamente necessario a raggiungere quelle stesse finalit\u00e0, e saranno successivamente conservati esclusivamente per scopi gestionali e per proteggere gli interessi del TITOLARE dalle possibili responsabilit\u00e0 basate su tali trattamenti. Maggiori informazioni in merito al periodo di conservazione dei dati e ai criteri utilizzati per determinare tale periodo possono essere richieste per e.mail a: <a href=\"\u201cmailto:info@fragomme.it\u201d\">info@fragomme.it<\/a><br \/>\nMARKETING DIRETTO<\/p>\n<p>I DATI PERSONALI raccolti potranno essere utilizzati anche per finalit\u00e0 di marketing e in particolare per marketing diretto via e-mail, solo quando ci\u00f2 rappresenti un legittimo interesse del TITOLARE oppure lei abbia fornito un consenso esplicito.<\/p>\n<h2>DIRITTI DELL\u2019INTERESSATO<\/h2>\n<p>Lei ha il diritto di chiedere al TITOLARE, in qualunque momento, l\u2019accesso ai suoi DATI PERSONALI (secondo Art. 15 del GDPR), la rettifica (secondo Art. 16 del GDPR), la cancellazione degli stessi (secondo Art. 17 del GDPR), la limitazione del trattamento (secondo Art. 18 del GDPR) o di opporsi al loro trattamento nei casi previsti dall\u2019Articolo 21 del GDPR, nonch\u00e9 di ottenere in un formato strutturato, di uso comune e leggibile da dispositivo automatico, i dati che la riguardano (\u201cportabilit\u00e0\u201d secondo Art. 20 del GDPR). Tutte le richieste possono essere rivolte scrivendo una e-mail a: <a href=\"\u201cmailto:info@fragomme.it\u201d\">info@fragomme.it<\/a><\/p>\n<p>In ogni caso lei ha sempre diritto di proporre reclamo all\u2019autorit\u00e0 di controllo competente (Garante per la Protezione dei Dati Personali), ai sensi dell\u2019art. 77 del GDPR, qualora ritenga che il trattamento dei suoi DATI PERSONALI sia contrario alla normativa in vigore.<\/p>\n<h2>REVOCA DEL CONSENSO<\/h2>\n<p>Lei ha anche il diritto di revocare, in qualsiasi momento, il consenso fornito in precedenza, con la stessa semplicit\u00e0 con cui ci \u00e8 stato dato: a tale fine, lei pu\u00f2 inviare un\u2019e-mail a: <a href=\"\u201cmailto:info@fragomme.it\u201d\">info@fragomme.it<\/a> oppure compilare il seguente form di revoca consenso:<\/p>\n\n<div class=\"wpcf7 no-js\" id=\"wpcf7-f1166-o1\" lang=\"it-IT\" dir=\"ltr\">\n<div class=\"screen-reader-response\"><p role=\"status\" aria-live=\"polite\" aria-atomic=\"true\"><\/p> <ul><\/ul><\/div>\n<form action=\"\/index.php\/wp-json\/wp\/v2\/pages\/565#wpcf7-f1166-o1\" method=\"post\" class=\"wpcf7-form init\" aria-label=\"Modulo di contatto\" novalidate=\"novalidate\" data-status=\"init\">\n<div style=\"display: none;\">\n<input type=\"hidden\" name=\"_wpcf7\" value=\"1166\" \/>\n<input type=\"hidden\" name=\"_wpcf7_version\" value=\"5.8.2\" \/>\n<input type=\"hidden\" name=\"_wpcf7_locale\" value=\"it_IT\" \/>\n<input type=\"hidden\" name=\"_wpcf7_unit_tag\" value=\"wpcf7-f1166-o1\" \/>\n<input type=\"hidden\" name=\"_wpcf7_container_post\" value=\"0\" \/>\n<input type=\"hidden\" name=\"_wpcf7_posted_data_hash\" value=\"\" \/>\n<\/div>\n<p> Nome Cognome (richiesto)<br \/>\n<span class=\"wpcf7-form-control-wrap\" data-name=\"your-name\"><input size=\"40\" class=\"wpcf7-form-control wpcf7-text wpcf7-validates-as-required\" aria-required=\"true\" aria-invalid=\"false\" value=\"\" type=\"text\" name=\"your-name\" \/><\/span>\n<\/p>\n<p> Nr telefono (richiesto)<br \/>\n<span class=\"wpcf7-form-control-wrap\" data-name=\"your-phone\"><input size=\"40\" class=\"wpcf7-form-control wpcf7-email wpcf7-validates-as-required wpcf7-text wpcf7-validates-as-email\" aria-required=\"true\" aria-invalid=\"false\" value=\"\" type=\"email\" name=\"your-phone\" \/><\/span>\n<\/p>\n<p> La tua email (richiesto)<br \/>\n<span class=\"wpcf7-form-control-wrap\" data-name=\"your-email\"><input size=\"40\" class=\"wpcf7-form-control wpcf7-email wpcf7-validates-as-required wpcf7-text wpcf7-validates-as-email\" aria-required=\"true\" aria-invalid=\"false\" value=\"\" type=\"email\" name=\"your-email\" \/><\/span>\n<\/p>\n<p><br \/>\nRevoco il consenso dei miei dati personali: (richiesto)<br \/>\n<span class=\"wpcf7-form-control-wrap\" data-name=\"Revocoilconsensodeimieidatipersonali:\"><span class=\"wpcf7-form-control wpcf7-acceptance\"><span class=\"wpcf7-list-item\"><input type=\"checkbox\" name=\"Revocoilconsensodeimieidatipersonali:\" value=\"1\" checked=\"checked\" aria-invalid=\"false\" \/><\/span><\/span><\/span><br \/>\nHo preso visione dell'<a href=\"https:\/\/www.fragomme.it\/index.php\/informativa-privacy\" target=\"_blank\">Informativa sulla Privacy<\/a>\n<\/p>\n<p><input class=\"wpcf7-form-control wpcf7-submit has-spinner\" type=\"submit\" value=\"Revoca consenso\" \/>\n<\/p><div class=\"wpcf7-response-output\" aria-hidden=\"true\"><\/div>\n<\/form>\n<\/div>\n\n<h2>COOKIES<\/h2>\n<p>Nessun dato personale degli utenti viene in proposito acquisito dal sito.<br \/>\nI cookies di sessione utilizzati in questo sito evitano il ricorso ad altre tecniche<br \/>\ninformatiche potenzialmente pregiudizievoli per la riservatezza della navigazione<br \/>\ndegli utenti e non consentono l&#8217;acquisizione di dati personali identificativi dell\u2019utente.<\/p>\n<h2>RIFIUTARE E BLOCCARE I COOKIES<\/h2>\n<p>La maggioranza dei browser internet sono inizialmente impostati per accettare<br \/>\ni cookie in modo automatico. Cio&#8217; significa che hai la possibilita&#8217;, in ogni momento,<br \/>\ndi impostare il tuo browser in modo da accettare tutti i cookie, solo alcuni,<br \/>\noppure di rifiutarli, disabilitandone l&#8217;uso da parte dei siti.<br \/>\nInoltre puoi normalmente impostare le preferenze del tuo browser in modo tale<br \/>\nda essere avvisato ogni volta che un cookie viene memorizzato nel tuo computer.<br \/>\nAl termine di ogni sessione di navigazione, infine, puoi cancellare<br \/>\ndal disco fisso del tuo dispositivo i cookie raccolti.<br \/>\nSe vuoi eliminare i cookie installati nella cartella dei cookie<br \/>\ndel browser utilizzato, occorre rammentare che ciascun browser<br \/>\npresenta procedure diverse per la gestione delle impostazioni.<\/p>\n<p>Selezionando i collegamenti sottostanti puoi ottenere istruzioni<br \/>\nspecifiche per alcuni dei principali browser.<\/p>\n<p>Microsoft Windows Explorer: <a href=\"http:\/\/windows.microsoft.com\/en-us\/windows-vista\/block-or-allow-cookies\">http:\/\/windows.microsoft.com\/en-us\/windows-vista\/block-or-allow-cookies<\/a><br \/>\nGoogle Chrome: <a href=\"https:\/\/support.google.com\/chrome\/bin\/answer.py?hl=en&amp;answer=95647&amp;p=cpn_cookies\">https:\/\/support.google.com\/chrome\/bin\/answer.py?hl=en&amp;answer=95647&amp;p=cpn_cookies<\/a><br \/>\nMozilla Firefox: <a href=\"http:\/\/support.mozilla.org\/en-US\/kb\/Enabling%20and%20disabling%20cookies\">http:\/\/support.mozilla.org\/en-US\/kb\/Enabling%20and%20disabling%20cookies<\/a><br \/>\nApple Safari: http:<a href=\"\/\/docs.info.apple.com\/article.html?path=Safari\/5.0\/en\/9277.html\">\/\/docs.info.apple.com\/article.html?path=Safari\/5.0\/en\/9277.html<\/a><br \/>\nPer non ricevere i cookie di Google Analytics visita la pagina: <a href=\"https:\/\/tools.google.com\/dlpage\/gaoptout\/\">https:\/\/tools.google.com\/dlpage\/gaoptout\/<\/a><br \/>\nSe vuoi saperne di pi\u00f9 sui cookie in generale visita la pagina <a href=\"www.allaboutcookies.org\">www.allaboutcookies.org<\/a><\/p>\n<h2>MONITORAGGIO E STATISTICHE<\/h2>\n<p>Questo sito Web utilizza un servizio di Web Analytics fornito da Google.<br \/>\nIl sistema di misurazione puo&#8217; far uso di &#8220;cookies&#8221;, piccoli file di testo<br \/>\nche vengono depositati sul PC del navigatore per consentire di analizzare<br \/>\nanonimamente le modalita&#8217; di utilizzo del sito. Le informazioni,<br \/>\ncompletamente anonime, memorizzate nei cookies sono:<br \/>\ndata e ora di accesso al sito, ID univoco, ID di sessione.<br \/>\nQuesti dati vengono inviati ai server Google dove \u00e8 stato installato<br \/>\nil software Google Analytics per elaborare report relativi alle modalita&#8217;<br \/>\ndi utilizzo di questo sito Web, alle attivita&#8217; di web marketing,<br \/>\nnonche&#8217; per fornire al navigatore funzionalita&#8217; e interazione durante la navigazione.<br \/>\nGoogle potrebbe trasferire queste informazioni a terzi che trattino<br \/>\ndati per suo nome e conto, o qualora cio&#8217; sia imposto da norme imperative.<br \/>\nIn qualunque momento \u00e8 possibile disabilitare i cookies dal PC modificando<br \/>\nle impostazioni di Sicurezza e Privacy presenti sul browser,<br \/>\nma quest&#8217;opzione potrebbe limitare molte delle funzionalita&#8217; di navigazione del sito.<br \/>\nL&#8217;informativa completa, resa ai sensi dell&#8217;art. 13 D. lgs. n. 196\/03, e&#8217; disponibile su<br \/>\nhttp:\/\/www.google.it\/intl\/it\/policies\/. Proseguendo la navigazione sul presente sito,<br \/>\ndichiari di aver preso visione dell&#8217;informativa di cui all&#8217;art. 13 D. lgs. n. 196\/03<br \/>\ne manifesti il consenso informato al trattamento dei tuoi dati personali da parte di Google,<br \/>\ncon le modalita&#8217; e ai fini sopraindicati.<\/p>\n<p>Per prenedere visione della <strong>direttiva del Garante della Privacy &#8211; Roma, 4 giugno 2014<\/strong> <a href=\"http:\/\/www.garanteprivacy.it\/web\/guest\/home\/docweb\/-\/docweb-display\/docweb\/3167231\" target=\"_blank\" rel=\"noopener\">cliccare qui<\/a><\/p>\n<h2>COOKIES fragomme.it<\/h2>\n<p><a href=\"https:\/\/www.fragomme.it\/wp-content\/uploads\/2015\/06\/fragomme.jpg\"><img decoding=\"async\" class=\"alignnone size-full wp-image-567\" src=\"https:\/\/www.fragomme.it\/wp-content\/uploads\/2015\/06\/fragomme.jpg\" alt=\"fragomme\" width=\"650\" height=\"151\" srcset=\"https:\/\/www.fragomme.it\/wp-content\/uploads\/2015\/06\/fragomme.jpg 650w, https:\/\/www.fragomme.it\/wp-content\/uploads\/2015\/06\/fragomme-600x139.jpg 600w, https:\/\/www.fragomme.it\/wp-content\/uploads\/2015\/06\/fragomme-300x70.jpg 300w\" sizes=\"(max-width: 650px) 100vw, 650px\" \/><\/a><br \/>\nLista generata 28\/05\/2017<\/p>\n","protected":false},"excerpt":{"rendered":"<p>PREMESSO CHE: \u201cwww.fragomme.it \u201d di seguito sar\u00e0 denominato: \u201cPRESENTE SITO\u201d&#46;&#46;&#46;<\/p>\n","protected":false},"author":1,"featured_media":0,"parent":0,"menu_order":0,"comment_status":"closed","ping_status":"open","template":"","meta":{"_monsterinsights_skip_tracking":false,"_monsterinsights_sitenote_active":false,"_monsterinsights_sitenote_note":"","_monsterinsights_sitenote_category":0,"footnotes":""},"yoast_head":"<!-- This site is optimized with the Yoast SEO plugin v21.5 - https:\/\/yoast.com\/wordpress\/plugins\/seo\/ -->\n<title>Informativa sulla Privacy - FRAGOMME<\/title>\n<meta name=\"robots\" content=\"index, follow, max-snippet:-1, max-image-preview:large, max-video-preview:-1\" \/>\n<link rel=\"canonical\" href=\"https:\/\/www.fragomme.it\/index.php\/informativa-privacy\/\" \/>\n<meta property=\"og:locale\" content=\"it_IT\" \/>\n<meta property=\"og:type\" content=\"article\" \/>\n<meta property=\"og:title\" content=\"Informativa sulla Privacy - FRAGOMME\" \/>\n<meta property=\"og:description\" content=\"PREMESSO CHE: \u201cwww.fragomme.it \u201d di seguito sar\u00e0 denominato: \u201cPRESENTE SITO\u201d&#046;&#046;&#046;\" \/>\n<meta property=\"og:url\" content=\"https:\/\/www.fragomme.it\/index.php\/informativa-privacy\/\" \/>\n<meta property=\"og:site_name\" content=\"FRAGOMME\" \/>\n<meta property=\"article:publisher\" content=\"https:\/\/www.facebook.com\/fragomme.eautoriparazioni\" \/>\n<meta property=\"article:modified_time\" content=\"2019-04-08T15:04:54+00:00\" \/>\n<meta property=\"og:image\" content=\"https:\/\/www.fragomme.it\/wp-content\/uploads\/2015\/06\/fragomme.jpg\" \/>\n<meta name=\"twitter:card\" content=\"summary_large_image\" \/>\n<meta name=\"twitter:label1\" content=\"Tempo di lettura stimato\" \/>\n\t<meta name=\"twitter:data1\" content=\"6 minuti\" \/>\n<script type=\"application\/ld+json\" class=\"yoast-schema-graph\">{\"@context\":\"https:\/\/schema.org\",\"@graph\":[{\"@type\":\"WebPage\",\"@id\":\"https:\/\/www.fragomme.it\/index.php\/informativa-privacy\/\",\"url\":\"https:\/\/www.fragomme.it\/index.php\/informativa-privacy\/\",\"name\":\"Informativa sulla Privacy - FRAGOMME\",\"isPartOf\":{\"@id\":\"https:\/\/www.fragomme.it\/#website\"},\"datePublished\":\"2015-06-02T16:05:10+00:00\",\"dateModified\":\"2019-04-08T15:04:54+00:00\",\"breadcrumb\":{\"@id\":\"https:\/\/www.fragomme.it\/index.php\/informativa-privacy\/#breadcrumb\"},\"inLanguage\":\"it-IT\",\"potentialAction\":[{\"@type\":\"ReadAction\",\"target\":[\"https:\/\/www.fragomme.it\/index.php\/informativa-privacy\/\"]}]},{\"@type\":\"BreadcrumbList\",\"@id\":\"https:\/\/www.fragomme.it\/index.php\/informativa-privacy\/#breadcrumb\",\"itemListElement\":[{\"@type\":\"ListItem\",\"position\":1,\"name\":\"Home\",\"item\":\"https:\/\/www.fragomme.it\/\"},{\"@type\":\"ListItem\",\"position\":2,\"name\":\"Informativa sulla Privacy\"}]},{\"@type\":\"WebSite\",\"@id\":\"https:\/\/www.fragomme.it\/#website\",\"url\":\"https:\/\/www.fragomme.it\/\",\"name\":\"FRAGOMME\",\"description\":\"un mondo di servizi auto VENDITA AUTO\",\"publisher\":{\"@id\":\"https:\/\/www.fragomme.it\/#organization\"},\"potentialAction\":[{\"@type\":\"SearchAction\",\"target\":{\"@type\":\"EntryPoint\",\"urlTemplate\":\"https:\/\/www.fragomme.it\/?s={search_term_string}\"},\"query-input\":\"required name=search_term_string\"}],\"inLanguage\":\"it-IT\"},{\"@type\":\"Organization\",\"@id\":\"https:\/\/www.fragomme.it\/#organization\",\"name\":\"Fragomme\",\"url\":\"https:\/\/www.fragomme.it\/\",\"logo\":{\"@type\":\"ImageObject\",\"inLanguage\":\"it-IT\",\"@id\":\"https:\/\/www.fragomme.it\/#\/schema\/logo\/image\/\",\"url\":\"https:\/\/www.fragomme.it\/wp-content\/uploads\/2016\/06\/image.jpeg\",\"contentUrl\":\"https:\/\/www.fragomme.it\/wp-content\/uploads\/2016\/06\/image.jpeg\",\"width\":815,\"height\":264,\"caption\":\"Fragomme\"},\"image\":{\"@id\":\"https:\/\/www.fragomme.it\/#\/schema\/logo\/image\/\"},\"sameAs\":[\"https:\/\/www.facebook.com\/fragomme.eautoriparazioni\"]}]}<\/script>\n<!-- \/ Yoast SEO plugin. -->","yoast_head_json":{"title":"Informativa sulla Privacy - FRAGOMME","robots":{"index":"index","follow":"follow","max-snippet":"max-snippet:-1","max-image-preview":"max-image-preview:large","max-video-preview":"max-video-preview:-1"},"canonical":"https:\/\/www.fragomme.it\/index.php\/informativa-privacy\/","og_locale":"it_IT","og_type":"article","og_title":"Informativa sulla Privacy - FRAGOMME","og_description":"PREMESSO CHE: \u201cwww.fragomme.it \u201d di seguito sar\u00e0 denominato: \u201cPRESENTE SITO\u201d&#46;&#46;&#46;","og_url":"https:\/\/www.fragomme.it\/index.php\/informativa-privacy\/","og_site_name":"FRAGOMME","article_publisher":"https:\/\/www.facebook.com\/fragomme.eautoriparazioni","article_modified_time":"2019-04-08T15:04:54+00:00","og_image":[{"url":"https:\/\/www.fragomme.it\/wp-content\/uploads\/2015\/06\/fragomme.jpg"}],"twitter_card":"summary_large_image","twitter_misc":{"Tempo di lettura stimato":"6 minuti"},"schema":{"@context":"https:\/\/schema.org","@graph":[{"@type":"WebPage","@id":"https:\/\/www.fragomme.it\/index.php\/informativa-privacy\/","url":"https:\/\/www.fragomme.it\/index.php\/informativa-privacy\/","name":"Informativa sulla Privacy - FRAGOMME","isPartOf":{"@id":"https:\/\/www.fragomme.it\/#website"},"datePublished":"2015-06-02T16:05:10+00:00","dateModified":"2019-04-08T15:04:54+00:00","breadcrumb":{"@id":"https:\/\/www.fragomme.it\/index.php\/informativa-privacy\/#breadcrumb"},"inLanguage":"it-IT","potentialAction":[{"@type":"ReadAction","target":["https:\/\/www.fragomme.it\/index.php\/informativa-privacy\/"]}]},{"@type":"BreadcrumbList","@id":"https:\/\/www.fragomme.it\/index.php\/informativa-privacy\/#breadcrumb","itemListElement":[{"@type":"ListItem","position":1,"name":"Home","item":"https:\/\/www.fragomme.it\/"},{"@type":"ListItem","position":2,"name":"Informativa sulla Privacy"}]},{"@type":"WebSite","@id":"https:\/\/www.fragomme.it\/#website","url":"https:\/\/www.fragomme.it\/","name":"FRAGOMME","description":"un mondo di servizi auto VENDITA AUTO","publisher":{"@id":"https:\/\/www.fragomme.it\/#organization"},"potentialAction":[{"@type":"SearchAction","target":{"@type":"EntryPoint","urlTemplate":"https:\/\/www.fragomme.it\/?s={search_term_string}"},"query-input":"required name=search_term_string"}],"inLanguage":"it-IT"},{"@type":"Organization","@id":"https:\/\/www.fragomme.it\/#organization","name":"Fragomme","url":"https:\/\/www.fragomme.it\/","logo":{"@type":"ImageObject","inLanguage":"it-IT","@id":"https:\/\/www.fragomme.it\/#\/schema\/logo\/image\/","url":"https:\/\/www.fragomme.it\/wp-content\/uploads\/2016\/06\/image.jpeg","contentUrl":"https:\/\/www.fragomme.it\/wp-content\/uploads\/2016\/06\/image.jpeg","width":815,"height":264,"caption":"Fragomme"},"image":{"@id":"https:\/\/www.fragomme.it\/#\/schema\/logo\/image\/"},"sameAs":["https:\/\/www.facebook.com\/fragomme.eautoriparazioni"]}]}},"_links":{"self":[{"href":"https:\/\/www.fragomme.it\/index.php\/wp-json\/wp\/v2\/pages\/565"}],"collection":[{"href":"https:\/\/www.fragomme.it\/index.php\/wp-json\/wp\/v2\/pages"}],"about":[{"href":"https:\/\/www.fragomme.it\/index.php\/wp-json\/wp\/v2\/types\/page"}],"author":[{"embeddable":true,"href":"https:\/\/www.fragomme.it\/index.php\/wp-json\/wp\/v2\/users\/1"}],"replies":[{"embeddable":true,"href":"https:\/\/www.fragomme.it\/index.php\/wp-json\/wp\/v2\/comments?post=565"}],"version-history":[{"count":5,"href":"https:\/\/www.fragomme.it\/index.php\/wp-json\/wp\/v2\/pages\/565\/revisions"}],"predecessor-version":[{"id":1167,"href":"https:\/\/www.fragomme.it\/index.php\/wp-json\/wp\/v2\/pages\/565\/revisions\/1167"}],"wp:attachment":[{"href":"https:\/\/www.fragomme.it\/index.php\/wp-json\/wp\/v2\/media?parent=565"}],"curies":[{"name":"wp","href":"https:\/\/api.w.org\/{rel}","templated":true}]}}