{"id":17,"date":"2014-05-20T13:25:54","date_gmt":"2014-05-20T11:25:54","guid":{"rendered":"http:\/\/fragomme.it\/?page_id=17"},"modified":"2019-10-24T20:01:33","modified_gmt":"2019-10-24T18:01:33","slug":"chi-siamo","status":"publish","type":"page","link":"https:\/\/www.fragomme.it\/index.php\/chi-siamo\/","title":{"rendered":"CHI SIAMO"},"content":{"rendered":"<p><a href=\"https:\/\/www.fragomme.it\/wp-content\/uploads\/2014\/05\/logo_fraGomme.gif\"><img decoding=\"async\" class=\"aligncenter size-medium wp-image-26\" src=\"https:\/\/www.fragomme.it\/wp-content\/uploads\/2014\/05\/logo_fraGomme-300x78.gif\" alt=\"logo_fraGomme\" width=\"300\" height=\"78\" srcset=\"https:\/\/www.fragomme.it\/wp-content\/uploads\/2014\/05\/logo_fraGomme-300x78.gif 300w, https:\/\/www.fragomme.it\/wp-content\/uploads\/2014\/05\/logo_fraGomme-600x157.gif 600w\" sizes=\"(max-width: 300px) 100vw, 300px\" \/><\/a><\/p>\n<h2 style=\"text-align: center;\">Fragomme di Francesco Panzitta<\/h2>\n<p>Convenienza, professionalit\u00e0 e cortesia, questi sono i principi su cui si basa \u00a0\u201c<span style=\"color: #339966;\"><strong>FraGomme &amp; autoriparazioni<\/strong><\/span>\u201d,\u00a0 officina nata nel 2012 dalla passione per il mondo delle quattro ruote del titolare Francesco, giovane ma con un\u2019esperienza ventennale sul campo.<\/p>\n<p style=\"text-align: left;\">FraGomme &amp; autoriparazioni offre\u00a0 \u00a0un servizio completo \u00a0aggiornandosi costantemente per\u00a0 \u00a0soddisfare i clienti con le migliori tecnologie e\u00a0prodotti delle migliori marche sul mercato tenendo sempre conto delle esigenze di ognuno di loro.<\/p>\n<p style=\"text-align: left;\">Qui assicuriamo professionalit\u00e0 in qualsiasi prestazione, dai tagliandi garantiti con ricambi\u00a0originali alle semplici riparazioni di gomme forate, dalla manutenzione ordinaria a quella straordinaria, aiutiamo i nostri clienti a scegliere quello che fa\u2019 per loro e per le loro auto grazie all\u2019esperienza acquisita negli anni mettendosi completamente a disposizione per qualsiasi dubbio, problema o necessit\u00e0!<\/p>\n<p style=\"text-align: left;\">Velocit\u00e0 e affidabilit\u00e0, questo \u00e8 FraGomme &amp; autoriparazioni<img decoding=\"async\" class=\"aligncenter size-medium wp-image-244\" src=\"https:\/\/www.fragomme.it\/wp-content\/uploads\/2014\/05\/578492_232911770169905_5016156_n-300x300.jpg\" alt=\"578492_232911770169905_5016156_n\" width=\"300\" height=\"300\" \/><\/p>\n<p style=\"text-align: left;\">\n","protected":false},"excerpt":{"rendered":"<p>Fragomme di Francesco Panzitta Convenienza, professionalit\u00e0 e cortesia, questi sono&#46;&#46;&#46;<\/p>\n","protected":false},"author":1,"featured_media":0,"parent":0,"menu_order":0,"comment_status":"open","ping_status":"open","template":"","meta":{"_monsterinsights_skip_tracking":false,"_monsterinsights_sitenote_active":false,"_monsterinsights_sitenote_note":"","_monsterinsights_sitenote_category":0,"footnotes":""},"yoast_head":"<!-- This site is optimized with the Yoast SEO plugin v21.5 - https:\/\/yoast.com\/wordpress\/plugins\/seo\/ -->\n<title>CHI SIAMO - FRAGOMME<\/title>\n<meta name=\"description\" content=\"Fragomme di Francesco Panzitta offre un servizio completo aggiornandosi costantemente per soddisfare i clienti con le migliori tecnologie e prodotti delle migliori marche sul mercato tenendo sempre conto delle esigenze di ognuno di loro.\" \/>\n<meta name=\"robots\" content=\"index, follow, max-snippet:-1, max-image-preview:large, max-video-preview:-1\" \/>\n<link rel=\"canonical\" href=\"https:\/\/www.fragomme.it\/index.php\/chi-siamo\/\" \/>\n<meta property=\"og:locale\" content=\"it_IT\" \/>\n<meta property=\"og:type\" content=\"article\" \/>\n<meta property=\"og:title\" content=\"CHI SIAMO - FRAGOMME\" \/>\n<meta property=\"og:description\" content=\"Fragomme di Francesco Panzitta offre un servizio completo aggiornandosi costantemente per soddisfare i clienti con le migliori tecnologie e prodotti delle migliori marche sul mercato tenendo sempre conto delle esigenze di ognuno di loro.\" \/>\n<meta property=\"og:url\" content=\"https:\/\/www.fragomme.it\/index.php\/chi-siamo\/\" \/>\n<meta property=\"og:site_name\" content=\"FRAGOMME\" \/>\n<meta property=\"article:publisher\" content=\"https:\/\/www.facebook.com\/fragomme.eautoriparazioni\" \/>\n<meta property=\"article:modified_time\" content=\"2019-10-24T18:01:33+00:00\" \/>\n<meta property=\"og:image\" content=\"https:\/\/www.fragomme.it\/wp-content\/uploads\/2014\/05\/logo_fraGomme-300x78.gif\" \/>\n<meta name=\"twitter:card\" content=\"summary_large_image\" \/>\n<meta name=\"twitter:label1\" content=\"Tempo di lettura stimato\" \/>\n\t<meta name=\"twitter:data1\" content=\"1 minuto\" \/>\n<script type=\"application\/ld+json\" class=\"yoast-schema-graph\">{\"@context\":\"https:\/\/schema.org\",\"@graph\":[{\"@type\":\"WebPage\",\"@id\":\"https:\/\/www.fragomme.it\/index.php\/chi-siamo\/\",\"url\":\"https:\/\/www.fragomme.it\/index.php\/chi-siamo\/\",\"name\":\"CHI SIAMO - FRAGOMME\",\"isPartOf\":{\"@id\":\"https:\/\/www.fragomme.it\/#website\"},\"datePublished\":\"2014-05-20T11:25:54+00:00\",\"dateModified\":\"2019-10-24T18:01:33+00:00\",\"description\":\"Fragomme di Francesco Panzitta offre un servizio completo aggiornandosi costantemente per soddisfare i clienti con le migliori tecnologie e prodotti delle migliori marche sul mercato tenendo sempre conto delle esigenze di ognuno di loro.\",\"breadcrumb\":{\"@id\":\"https:\/\/www.fragomme.it\/index.php\/chi-siamo\/#breadcrumb\"},\"inLanguage\":\"it-IT\",\"potentialAction\":[{\"@type\":\"ReadAction\",\"target\":[\"https:\/\/www.fragomme.it\/index.php\/chi-siamo\/\"]}]},{\"@type\":\"BreadcrumbList\",\"@id\":\"https:\/\/www.fragomme.it\/index.php\/chi-siamo\/#breadcrumb\",\"itemListElement\":[{\"@type\":\"ListItem\",\"position\":1,\"name\":\"Home\",\"item\":\"https:\/\/www.fragomme.it\/\"},{\"@type\":\"ListItem\",\"position\":2,\"name\":\"CHI SIAMO\"}]},{\"@type\":\"WebSite\",\"@id\":\"https:\/\/www.fragomme.it\/#website\",\"url\":\"https:\/\/www.fragomme.it\/\",\"name\":\"FRAGOMME\",\"description\":\"un mondo di servizi auto VENDITA AUTO\",\"publisher\":{\"@id\":\"https:\/\/www.fragomme.it\/#organization\"},\"potentialAction\":[{\"@type\":\"SearchAction\",\"target\":{\"@type\":\"EntryPoint\",\"urlTemplate\":\"https:\/\/www.fragomme.it\/?s={search_term_string}\"},\"query-input\":\"required name=search_term_string\"}],\"inLanguage\":\"it-IT\"},{\"@type\":\"Organization\",\"@id\":\"https:\/\/www.fragomme.it\/#organization\",\"name\":\"Fragomme\",\"url\":\"https:\/\/www.fragomme.it\/\",\"logo\":{\"@type\":\"ImageObject\",\"inLanguage\":\"it-IT\",\"@id\":\"https:\/\/www.fragomme.it\/#\/schema\/logo\/image\/\",\"url\":\"https:\/\/www.fragomme.it\/wp-content\/uploads\/2016\/06\/image.jpeg\",\"contentUrl\":\"https:\/\/www.fragomme.it\/wp-content\/uploads\/2016\/06\/image.jpeg\",\"width\":815,\"height\":264,\"caption\":\"Fragomme\"},\"image\":{\"@id\":\"https:\/\/www.fragomme.it\/#\/schema\/logo\/image\/\"},\"sameAs\":[\"https:\/\/www.facebook.com\/fragomme.eautoriparazioni\"]}]}<\/script>\n<!-- \/ Yoast SEO plugin. -->","yoast_head_json":{"title":"CHI SIAMO - FRAGOMME","description":"Fragomme di Francesco Panzitta offre un servizio completo aggiornandosi costantemente per soddisfare i clienti con le migliori tecnologie e prodotti delle migliori marche sul mercato tenendo sempre conto delle esigenze di ognuno di loro.","robots":{"index":"index","follow":"follow","max-snippet":"max-snippet:-1","max-image-preview":"max-image-preview:large","max-video-preview":"max-video-preview:-1"},"canonical":"https:\/\/www.fragomme.it\/index.php\/chi-siamo\/","og_locale":"it_IT","og_type":"article","og_title":"CHI SIAMO - FRAGOMME","og_description":"Fragomme di Francesco Panzitta offre un servizio completo aggiornandosi costantemente per soddisfare i clienti con le migliori tecnologie e prodotti delle migliori marche sul mercato tenendo sempre conto delle esigenze di ognuno di loro.","og_url":"https:\/\/www.fragomme.it\/index.php\/chi-siamo\/","og_site_name":"FRAGOMME","article_publisher":"https:\/\/www.facebook.com\/fragomme.eautoriparazioni","article_modified_time":"2019-10-24T18:01:33+00:00","og_image":[{"url":"https:\/\/www.fragomme.it\/wp-content\/uploads\/2014\/05\/logo_fraGomme-300x78.gif"}],"twitter_card":"summary_large_image","twitter_misc":{"Tempo di lettura stimato":"1 minuto"},"schema":{"@context":"https:\/\/schema.org","@graph":[{"@type":"WebPage","@id":"https:\/\/www.fragomme.it\/index.php\/chi-siamo\/","url":"https:\/\/www.fragomme.it\/index.php\/chi-siamo\/","name":"CHI SIAMO - FRAGOMME","isPartOf":{"@id":"https:\/\/www.fragomme.it\/#website"},"datePublished":"2014-05-20T11:25:54+00:00","dateModified":"2019-10-24T18:01:33+00:00","description":"Fragomme di Francesco Panzitta offre un servizio completo aggiornandosi costantemente per soddisfare i clienti con le migliori tecnologie e prodotti delle migliori marche sul mercato tenendo sempre conto delle esigenze di ognuno di loro.","breadcrumb":{"@id":"https:\/\/www.fragomme.it\/index.php\/chi-siamo\/#breadcrumb"},"inLanguage":"it-IT","potentialAction":[{"@type":"ReadAction","target":["https:\/\/www.fragomme.it\/index.php\/chi-siamo\/"]}]},{"@type":"BreadcrumbList","@id":"https:\/\/www.fragomme.it\/index.php\/chi-siamo\/#breadcrumb","itemListElement":[{"@type":"ListItem","position":1,"name":"Home","item":"https:\/\/www.fragomme.it\/"},{"@type":"ListItem","position":2,"name":"CHI SIAMO"}]},{"@type":"WebSite","@id":"https:\/\/www.fragomme.it\/#website","url":"https:\/\/www.fragomme.it\/","name":"FRAGOMME","description":"un mondo di servizi auto VENDITA AUTO","publisher":{"@id":"https:\/\/www.fragomme.it\/#organization"},"potentialAction":[{"@type":"SearchAction","target":{"@type":"EntryPoint","urlTemplate":"https:\/\/www.fragomme.it\/?s={search_term_string}"},"query-input":"required name=search_term_string"}],"inLanguage":"it-IT"},{"@type":"Organization","@id":"https:\/\/www.fragomme.it\/#organization","name":"Fragomme","url":"https:\/\/www.fragomme.it\/","logo":{"@type":"ImageObject","inLanguage":"it-IT","@id":"https:\/\/www.fragomme.it\/#\/schema\/logo\/image\/","url":"https:\/\/www.fragomme.it\/wp-content\/uploads\/2016\/06\/image.jpeg","contentUrl":"https:\/\/www.fragomme.it\/wp-content\/uploads\/2016\/06\/image.jpeg","width":815,"height":264,"caption":"Fragomme"},"image":{"@id":"https:\/\/www.fragomme.it\/#\/schema\/logo\/image\/"},"sameAs":["https:\/\/www.facebook.com\/fragomme.eautoriparazioni"]}]}},"_links":{"self":[{"href":"https:\/\/www.fragomme.it\/index.php\/wp-json\/wp\/v2\/pages\/17"}],"collection":[{"href":"https:\/\/www.fragomme.it\/index.php\/wp-json\/wp\/v2\/pages"}],"about":[{"href":"https:\/\/www.fragomme.it\/index.php\/wp-json\/wp\/v2\/types\/page"}],"author":[{"embeddable":true,"href":"https:\/\/www.fragomme.it\/index.php\/wp-json\/wp\/v2\/users\/1"}],"replies":[{"embeddable":true,"href":"https:\/\/www.fragomme.it\/index.php\/wp-json\/wp\/v2\/comments?post=17"}],"version-history":[{"count":12,"href":"https:\/\/www.fragomme.it\/index.php\/wp-json\/wp\/v2\/pages\/17\/revisions"}],"predecessor-version":[{"id":1202,"href":"https:\/\/www.fragomme.it\/index.php\/wp-json\/wp\/v2\/pages\/17\/revisions\/1202"}],"wp:attachment":[{"href":"https:\/\/www.fragomme.it\/index.php\/wp-json\/wp\/v2\/media?parent=17"}],"curies":[{"name":"wp","href":"https:\/\/api.w.org\/{rel}","templated":true}]}}