{"id":1499,"date":"2022-09-08T10:11:06","date_gmt":"2022-09-08T08:11:06","guid":{"rendered":"https:\/\/www.fragomme.it\/?page_id=1499"},"modified":"2022-10-28T08:12:13","modified_gmt":"2022-10-28T06:12:13","slug":"noleggio-auto-lungo-termine","status":"publish","type":"page","link":"https:\/\/www.fragomme.it\/index.php\/noleggio-auto-lungo-termine\/","title":{"rendered":"NOLEGGIO AUTO"},"content":{"rendered":"\n<p><span style=\"text-decoration: underline;\"><strong>NOLEGGIO AUTO A LUNGO TERMINE<\/strong><\/span>.<\/p>\n<p>Ora da <span style=\"background-color: #339966; color: #339966;\"><strong><span style=\"background-color: #ffffff;\">FRAGOMME <\/span><\/strong><span style=\"background-color: #ffffff;\"><span style=\"color: #000000;\">puoi scegliere la tua auto a noleggio, dalla city car, all&#8217;utilitaria utilitaria\u00a0 o al\u00a0 mezzo commerciale. Grazie all&#8217; ampia gamma di veicoli potrai scegliere quello che \u00e8 pi\u00f9 adatto alle tue necessit\u00e0.<\/span><\/span><\/span><\/p>\n<p>Compila il form qui sotto con i tuoi dati. Un operatore ti contatter\u00e0 prima possibile per avere tutte le informazioni a riguardo.<\/p>\n\n<div class=\"wpcf7 no-js\" id=\"wpcf7-f1541-o1\" lang=\"it-IT\" dir=\"ltr\">\n<div class=\"screen-reader-response\"><p role=\"status\" aria-live=\"polite\" aria-atomic=\"true\"><\/p> <ul><\/ul><\/div>\n<form action=\"\/index.php\/wp-json\/wp\/v2\/pages\/1499#wpcf7-f1541-o1\" method=\"post\" class=\"wpcf7-form init\" aria-label=\"Modulo di contatto\" novalidate=\"novalidate\" data-status=\"init\">\n<div style=\"display: none;\">\n<input type=\"hidden\" name=\"_wpcf7\" value=\"1541\" \/>\n<input type=\"hidden\" name=\"_wpcf7_version\" value=\"5.8.2\" \/>\n<input type=\"hidden\" name=\"_wpcf7_locale\" value=\"it_IT\" \/>\n<input type=\"hidden\" name=\"_wpcf7_unit_tag\" value=\"wpcf7-f1541-o1\" \/>\n<input type=\"hidden\" name=\"_wpcf7_container_post\" value=\"0\" \/>\n<input type=\"hidden\" name=\"_wpcf7_posted_data_hash\" value=\"\" \/>\n<\/div>\n<p>Nome e Cognome (richiesto)\n<\/p>\n<p><span class=\"wpcf7-form-control-wrap\" data-name=\"your-name\"><input size=\"40\" class=\"wpcf7-form-control wpcf7-text wpcf7-validates-as-required\" aria-required=\"true\" aria-invalid=\"false\" value=\"\" type=\"text\" name=\"your-name\" \/><\/span>\n<\/p>\n<p>La tua email (richiesto)\n<\/p>\n<p><span class=\"wpcf7-form-control-wrap\" data-name=\"your-email\"><input size=\"40\" class=\"wpcf7-form-control wpcf7-email wpcf7-validates-as-required wpcf7-text wpcf7-validates-as-email\" aria-required=\"true\" aria-invalid=\"false\" value=\"\" type=\"email\" name=\"your-email\" \/><\/span>\n<\/p>\n<p>Un tuo recapito telefonico (richiesto)\n<\/p>\n<p><span class=\"wpcf7-form-control-wrap\" data-name=\"tel-3\"><input size=\"40\" class=\"wpcf7-form-control wpcf7-tel wpcf7-validates-as-required wpcf7-text wpcf7-validates-as-tel\" aria-required=\"true\" aria-invalid=\"false\" value=\"\" type=\"tel\" name=\"tel-3\" \/><\/span>\n<\/p>\n<p>Tipo di auto che cerca\n<\/p>\n<p><span class=\"wpcf7-form-control-wrap\" data-name=\"your-message\"><textarea cols=\"40\" rows=\"10\" class=\"wpcf7-form-control wpcf7-textarea\" aria-invalid=\"false\" name=\"your-message\"><\/textarea><\/span>\n<\/p>\n<p>Accetta Privacy (richiesto)\n<\/p>\n<p><span class=\"wpcf7-form-control-wrap\" data-name=\"acceptance-144\"><span class=\"wpcf7-form-control wpcf7-acceptance\"><span class=\"wpcf7-list-item\"><input type=\"checkbox\" name=\"acceptance-144\" value=\"1\" checked=\"checked\" aria-invalid=\"false\" \/><\/span><\/span><\/span>\n<\/p>\n<p>Acconsento al trattamento dei dati personali come indicato nella <a href=\"https:\/\/www.fragomme.it\/index.php\/informativa-privacy\" target=\"_blank\">Informativa sulla Privacy<\/a>\n<\/p>\n<p><input class=\"wpcf7-form-control wpcf7-submit has-spinner\" type=\"submit\" value=\"Invia\" \/>\n<\/p><div class=\"wpcf7-response-output\" aria-hidden=\"true\"><\/div>\n<\/form>\n<\/div>\n\n<p style=\"text-align: right;\">FRAGOMME &amp; AUTORIPARAZIONI<\/p>\n","protected":false},"excerpt":{"rendered":"<p>NOLEGGIO AUTO A LUNGO TERMINE. Ora da FRAGOMME puoi scegliere&#46;&#46;&#46;<\/p>\n","protected":false},"author":2,"featured_media":0,"parent":0,"menu_order":0,"comment_status":"closed","ping_status":"closed","template":"","meta":{"_monsterinsights_skip_tracking":false,"_monsterinsights_sitenote_active":false,"_monsterinsights_sitenote_note":"","_monsterinsights_sitenote_category":0,"footnotes":""},"yoast_head":"<!-- This site is optimized with the Yoast SEO plugin v21.5 - https:\/\/yoast.com\/wordpress\/plugins\/seo\/ -->\n<title>NOLEGGIO AUTO - FRAGOMME<\/title>\n<meta name=\"robots\" content=\"index, follow, max-snippet:-1, max-image-preview:large, max-video-preview:-1\" \/>\n<link rel=\"canonical\" href=\"https:\/\/www.fragomme.it\/index.php\/noleggio-auto-lungo-termine\/\" \/>\n<meta property=\"og:locale\" content=\"it_IT\" \/>\n<meta property=\"og:type\" content=\"article\" \/>\n<meta property=\"og:title\" content=\"NOLEGGIO AUTO - FRAGOMME\" \/>\n<meta property=\"og:description\" content=\"NOLEGGIO AUTO A LUNGO TERMINE. Ora da FRAGOMME puoi scegliere&#046;&#046;&#046;\" \/>\n<meta property=\"og:url\" content=\"https:\/\/www.fragomme.it\/index.php\/noleggio-auto-lungo-termine\/\" \/>\n<meta property=\"og:site_name\" content=\"FRAGOMME\" \/>\n<meta property=\"article:publisher\" content=\"https:\/\/www.facebook.com\/fragomme.eautoriparazioni\" \/>\n<meta property=\"article:modified_time\" content=\"2022-10-28T06:12:13+00:00\" \/>\n<meta name=\"twitter:card\" content=\"summary_large_image\" \/>\n<script type=\"application\/ld+json\" class=\"yoast-schema-graph\">{\"@context\":\"https:\/\/schema.org\",\"@graph\":[{\"@type\":\"WebPage\",\"@id\":\"https:\/\/www.fragomme.it\/index.php\/noleggio-auto-lungo-termine\/\",\"url\":\"https:\/\/www.fragomme.it\/index.php\/noleggio-auto-lungo-termine\/\",\"name\":\"NOLEGGIO AUTO - FRAGOMME\",\"isPartOf\":{\"@id\":\"https:\/\/www.fragomme.it\/#website\"},\"datePublished\":\"2022-09-08T08:11:06+00:00\",\"dateModified\":\"2022-10-28T06:12:13+00:00\",\"breadcrumb\":{\"@id\":\"https:\/\/www.fragomme.it\/index.php\/noleggio-auto-lungo-termine\/#breadcrumb\"},\"inLanguage\":\"it-IT\",\"potentialAction\":[{\"@type\":\"ReadAction\",\"target\":[\"https:\/\/www.fragomme.it\/index.php\/noleggio-auto-lungo-termine\/\"]}]},{\"@type\":\"BreadcrumbList\",\"@id\":\"https:\/\/www.fragomme.it\/index.php\/noleggio-auto-lungo-termine\/#breadcrumb\",\"itemListElement\":[{\"@type\":\"ListItem\",\"position\":1,\"name\":\"Home\",\"item\":\"https:\/\/www.fragomme.it\/\"},{\"@type\":\"ListItem\",\"position\":2,\"name\":\"NOLEGGIO AUTO\"}]},{\"@type\":\"WebSite\",\"@id\":\"https:\/\/www.fragomme.it\/#website\",\"url\":\"https:\/\/www.fragomme.it\/\",\"name\":\"FRAGOMME\",\"description\":\"un mondo di servizi auto VENDITA AUTO\",\"publisher\":{\"@id\":\"https:\/\/www.fragomme.it\/#organization\"},\"potentialAction\":[{\"@type\":\"SearchAction\",\"target\":{\"@type\":\"EntryPoint\",\"urlTemplate\":\"https:\/\/www.fragomme.it\/?s={search_term_string}\"},\"query-input\":\"required name=search_term_string\"}],\"inLanguage\":\"it-IT\"},{\"@type\":\"Organization\",\"@id\":\"https:\/\/www.fragomme.it\/#organization\",\"name\":\"Fragomme\",\"url\":\"https:\/\/www.fragomme.it\/\",\"logo\":{\"@type\":\"ImageObject\",\"inLanguage\":\"it-IT\",\"@id\":\"https:\/\/www.fragomme.it\/#\/schema\/logo\/image\/\",\"url\":\"https:\/\/www.fragomme.it\/wp-content\/uploads\/2016\/06\/image.jpeg\",\"contentUrl\":\"https:\/\/www.fragomme.it\/wp-content\/uploads\/2016\/06\/image.jpeg\",\"width\":815,\"height\":264,\"caption\":\"Fragomme\"},\"image\":{\"@id\":\"https:\/\/www.fragomme.it\/#\/schema\/logo\/image\/\"},\"sameAs\":[\"https:\/\/www.facebook.com\/fragomme.eautoriparazioni\"]}]}<\/script>\n<!-- \/ Yoast SEO plugin. -->","yoast_head_json":{"title":"NOLEGGIO AUTO - FRAGOMME","robots":{"index":"index","follow":"follow","max-snippet":"max-snippet:-1","max-image-preview":"max-image-preview:large","max-video-preview":"max-video-preview:-1"},"canonical":"https:\/\/www.fragomme.it\/index.php\/noleggio-auto-lungo-termine\/","og_locale":"it_IT","og_type":"article","og_title":"NOLEGGIO AUTO - FRAGOMME","og_description":"NOLEGGIO AUTO A LUNGO TERMINE. Ora da FRAGOMME puoi scegliere&#46;&#46;&#46;","og_url":"https:\/\/www.fragomme.it\/index.php\/noleggio-auto-lungo-termine\/","og_site_name":"FRAGOMME","article_publisher":"https:\/\/www.facebook.com\/fragomme.eautoriparazioni","article_modified_time":"2022-10-28T06:12:13+00:00","twitter_card":"summary_large_image","schema":{"@context":"https:\/\/schema.org","@graph":[{"@type":"WebPage","@id":"https:\/\/www.fragomme.it\/index.php\/noleggio-auto-lungo-termine\/","url":"https:\/\/www.fragomme.it\/index.php\/noleggio-auto-lungo-termine\/","name":"NOLEGGIO AUTO - FRAGOMME","isPartOf":{"@id":"https:\/\/www.fragomme.it\/#website"},"datePublished":"2022-09-08T08:11:06+00:00","dateModified":"2022-10-28T06:12:13+00:00","breadcrumb":{"@id":"https:\/\/www.fragomme.it\/index.php\/noleggio-auto-lungo-termine\/#breadcrumb"},"inLanguage":"it-IT","potentialAction":[{"@type":"ReadAction","target":["https:\/\/www.fragomme.it\/index.php\/noleggio-auto-lungo-termine\/"]}]},{"@type":"BreadcrumbList","@id":"https:\/\/www.fragomme.it\/index.php\/noleggio-auto-lungo-termine\/#breadcrumb","itemListElement":[{"@type":"ListItem","position":1,"name":"Home","item":"https:\/\/www.fragomme.it\/"},{"@type":"ListItem","position":2,"name":"NOLEGGIO AUTO"}]},{"@type":"WebSite","@id":"https:\/\/www.fragomme.it\/#website","url":"https:\/\/www.fragomme.it\/","name":"FRAGOMME","description":"un mondo di servizi auto VENDITA AUTO","publisher":{"@id":"https:\/\/www.fragomme.it\/#organization"},"potentialAction":[{"@type":"SearchAction","target":{"@type":"EntryPoint","urlTemplate":"https:\/\/www.fragomme.it\/?s={search_term_string}"},"query-input":"required name=search_term_string"}],"inLanguage":"it-IT"},{"@type":"Organization","@id":"https:\/\/www.fragomme.it\/#organization","name":"Fragomme","url":"https:\/\/www.fragomme.it\/","logo":{"@type":"ImageObject","inLanguage":"it-IT","@id":"https:\/\/www.fragomme.it\/#\/schema\/logo\/image\/","url":"https:\/\/www.fragomme.it\/wp-content\/uploads\/2016\/06\/image.jpeg","contentUrl":"https:\/\/www.fragomme.it\/wp-content\/uploads\/2016\/06\/image.jpeg","width":815,"height":264,"caption":"Fragomme"},"image":{"@id":"https:\/\/www.fragomme.it\/#\/schema\/logo\/image\/"},"sameAs":["https:\/\/www.facebook.com\/fragomme.eautoriparazioni"]}]}},"_links":{"self":[{"href":"https:\/\/www.fragomme.it\/index.php\/wp-json\/wp\/v2\/pages\/1499"}],"collection":[{"href":"https:\/\/www.fragomme.it\/index.php\/wp-json\/wp\/v2\/pages"}],"about":[{"href":"https:\/\/www.fragomme.it\/index.php\/wp-json\/wp\/v2\/types\/page"}],"author":[{"embeddable":true,"href":"https:\/\/www.fragomme.it\/index.php\/wp-json\/wp\/v2\/users\/2"}],"replies":[{"embeddable":true,"href":"https:\/\/www.fragomme.it\/index.php\/wp-json\/wp\/v2\/comments?post=1499"}],"version-history":[{"count":11,"href":"https:\/\/www.fragomme.it\/index.php\/wp-json\/wp\/v2\/pages\/1499\/revisions"}],"predecessor-version":[{"id":1552,"href":"https:\/\/www.fragomme.it\/index.php\/wp-json\/wp\/v2\/pages\/1499\/revisions\/1552"}],"wp:attachment":[{"href":"https:\/\/www.fragomme.it\/index.php\/wp-json\/wp\/v2\/media?parent=1499"}],"curies":[{"name":"wp","href":"https:\/\/api.w.org\/{rel}","templated":true}]}}